{"id":66,"date":"2020-06-13T18:24:25","date_gmt":"2020-06-13T16:24:25","guid":{"rendered":"https:\/\/cocooningmenu.com\/fr\/?page_id=66"},"modified":"2020-06-13T18:24:25","modified_gmt":"2020-06-13T16:24:25","slug":"livres","status":"publish","type":"page","link":"https:\/\/cocooningmenu.com\/fr\/livres\/","title":{"rendered":"Livres"},"content":{"rendered":"\n<p>Un peu de lecture&#8230;<\/p>\n\n\n\n<p>Quelque soit l&rsquo;ouvrage, il y a toujours un enseignement \u00e0 tirer. A chaque lecture, une interpr\u00e9tation diff\u00e9rente, selon notre \u00e9tat d&rsquo;esprit, selon nos envies, notre v\u00e9cu, notre ressenti, notre niveau d&rsquo;attention. Chaque lecture m\u00eame du m\u00eame livre nous change, les livres sont \u00e0 double sens, c&rsquo;est un \u00e9change finalement. Les livres \u00e9voluent avec nous, donc n&rsquo;h\u00e9sitez pas \u00e0 d\u00e9poussi\u00e9rer vos vieilles lectures&#8230;<\/p>\n\n\n\n<p>Ici, je partage des avis, sur des lectures, adultes, enfants, ce qu&rsquo;on lit \u00e0 la maison, pourquoi, et ce qu&rsquo;on a aim\u00e9 ou pas&#8230;<\/p>\n","protected":false},"excerpt":{"rendered":"<p>Un peu de lecture&#8230; Quelque soit l&rsquo;ouvrage, il y a toujours un enseignement \u00e0 tirer. A chaque lecture, une interpr\u00e9tation diff\u00e9rente, selon notre \u00e9tat d&rsquo;esprit, selon nos envies, notre v\u00e9cu, notre ressenti, notre niveau d&rsquo;attention. Chaque lecture m\u00eame du m\u00eame livre nous change, les livres sont \u00e0 double sens, c&rsquo;est un \u00e9change finalement. Les livres &hellip; <\/p>\n<p class=\"link-more\"><a href=\"https:\/\/cocooningmenu.com\/fr\/livres\/\" class=\"more-link\">Continuer la lecture<span class=\"screen-reader-text\"> de &laquo;&nbsp;Livres&nbsp;&raquo;<\/span><\/a><\/p>\n","protected":false},"author":1,"featured_media":0,"parent":0,"menu_order":0,"comment_status":"closed","ping_status":"closed","template":"","meta":[],"_links":{"self":[{"href":"https:\/\/cocooningmenu.com\/fr\/wp-json\/wp\/v2\/pages\/66"}],"collection":[{"href":"https:\/\/cocooningmenu.com\/fr\/wp-json\/wp\/v2\/pages"}],"about":[{"href":"https:\/\/cocooningmenu.com\/fr\/wp-json\/wp\/v2\/types\/page"}],"author":[{"embeddable":true,"href":"https:\/\/cocooningmenu.com\/fr\/wp-json\/wp\/v2\/users\/1"}],"replies":[{"embeddable":true,"href":"https:\/\/cocooningmenu.com\/fr\/wp-json\/wp\/v2\/comments?post=66"}],"version-history":[{"count":2,"href":"https:\/\/cocooningmenu.com\/fr\/wp-json\/wp\/v2\/pages\/66\/revisions"}],"predecessor-version":[{"id":68,"href":"https:\/\/cocooningmenu.com\/fr\/wp-json\/wp\/v2\/pages\/66\/revisions\/68"}],"wp:attachment":[{"href":"https:\/\/cocooningmenu.com\/fr\/wp-json\/wp\/v2\/media?parent=66"}],"curies":[{"name":"wp","href":"https:\/\/api.w.org\/{rel}","templated":true}]}}