{"id":70,"date":"2020-06-13T18:31:08","date_gmt":"2020-06-13T16:31:08","guid":{"rendered":"https:\/\/cocooningmenu.com\/fr\/?page_id=70"},"modified":"2020-06-13T18:31:08","modified_gmt":"2020-06-13T16:31:08","slug":"cuisine-rapide-en-famille","status":"publish","type":"page","link":"https:\/\/cocooningmenu.com\/fr\/cuisine-rapide-en-famille\/","title":{"rendered":"Cuisine rapide en famille"},"content":{"rendered":"\n<p>J&rsquo;adore pr\u00e9parer \u00e0 manger, surement parce que c&rsquo;est le summum du partage, c&rsquo;est une confrontation de ce que l&rsquo;on aime dans son enti\u00e8ret\u00e9, que l&rsquo;on propose. Finalement, c&rsquo;est comme un don de soi de partager un repas, dans toute sa simplicit\u00e9, comme dans sa complexit\u00e9. On met dans un simple plat tellement de soi, de la minutie, du temps, de la r\u00e9flexion, de l&rsquo;intention. Finalement, vous ne regarderez plus jamais cette part de cake fait maison, comme un banal g\u00e2teau, mais, vous pourrez y voir toute l&rsquo;intentionnalit\u00e9 qui y a \u00e9t\u00e9 port\u00e9e, quelque soit son go\u00fbt, raffin\u00e9 ou m\u00eame rat\u00e9, il y a tellement d&rsquo;\u00e9motion dans ce que vous mangez&#8230;<\/p>\n\n\n\n<p>Ici, je cuisine seule ou avec mes petits chefs cuistots (qui sont plus des go\u00fbteurs que des commis, pr\u00e9voyez 1\/3 de plus si chez vous c&rsquo;est comme \u00e7a aussi \ud83d\ude09 ) .<\/p>\n","protected":false},"excerpt":{"rendered":"<p>J&rsquo;adore pr\u00e9parer \u00e0 manger, surement parce que c&rsquo;est le summum du partage, c&rsquo;est une confrontation de ce que l&rsquo;on aime dans son enti\u00e8ret\u00e9, que l&rsquo;on propose. Finalement, c&rsquo;est comme un don de soi de partager un repas, dans toute sa simplicit\u00e9, comme dans sa complexit\u00e9. On met dans un simple plat tellement de soi, de &hellip; <\/p>\n<p class=\"link-more\"><a href=\"https:\/\/cocooningmenu.com\/fr\/cuisine-rapide-en-famille\/\" class=\"more-link\">Continuer la lecture<span class=\"screen-reader-text\"> de &laquo;&nbsp;Cuisine rapide en famille&nbsp;&raquo;<\/span><\/a><\/p>\n","protected":false},"author":1,"featured_media":0,"parent":0,"menu_order":0,"comment_status":"closed","ping_status":"closed","template":"","meta":[],"_links":{"self":[{"href":"https:\/\/cocooningmenu.com\/fr\/wp-json\/wp\/v2\/pages\/70"}],"collection":[{"href":"https:\/\/cocooningmenu.com\/fr\/wp-json\/wp\/v2\/pages"}],"about":[{"href":"https:\/\/cocooningmenu.com\/fr\/wp-json\/wp\/v2\/types\/page"}],"author":[{"embeddable":true,"href":"https:\/\/cocooningmenu.com\/fr\/wp-json\/wp\/v2\/users\/1"}],"replies":[{"embeddable":true,"href":"https:\/\/cocooningmenu.com\/fr\/wp-json\/wp\/v2\/comments?post=70"}],"version-history":[{"count":1,"href":"https:\/\/cocooningmenu.com\/fr\/wp-json\/wp\/v2\/pages\/70\/revisions"}],"predecessor-version":[{"id":71,"href":"https:\/\/cocooningmenu.com\/fr\/wp-json\/wp\/v2\/pages\/70\/revisions\/71"}],"wp:attachment":[{"href":"https:\/\/cocooningmenu.com\/fr\/wp-json\/wp\/v2\/media?parent=70"}],"curies":[{"name":"wp","href":"https:\/\/api.w.org\/{rel}","templated":true}]}}